{"id":46,"date":"2023-01-03T11:31:43","date_gmt":"2023-01-03T11:31:43","guid":{"rendered":"http:\/\/localhost\/selfoods-web\/?page_id=46"},"modified":"2023-08-11T10:33:39","modified_gmt":"2023-08-11T08:33:39","slug":"aviso-legal","status":"publish","type":"page","link":"https:\/\/www.pasferm.com\/es\/aviso-legal\/","title":{"rendered":"Aviso legal"},"content":{"rendered":"<p><strong>Informaci\u00f3n Corporativa:<\/strong><br \/>\nEn virtud de la Ley 34\/2002, de Servicios de la Sociedad de la Informaci\u00f3n y Comercio Electr\u00f3nico, informamos que esta Web es propiedad de Pas Ferm, con direcci\u00f3n de correo electr\u00f3nico pasferm@pasferm.cat.<\/p>\n<p><strong>Protecci\u00f3n de Contenidos:<\/strong><br \/>\nTodo el contenido de la presente p\u00e1gina Web, incluidos los textos, marcas, signos distintivos logos, im\u00e1genes, gr\u00e1ficos y dise\u00f1os, son propiedad de Pas Ferm y est\u00e1n protegidos por la legislaci\u00f3n vigente en materia de Propiedad Intelectual. En ning\u00fan caso el acceso al portal por parte del usuario le otorga derecho sobre dicho contenido, ni siquiera para su mera reproducci\u00f3n para uso personal.<\/p>\n","protected":false},"excerpt":{"rendered":"<p>Informaci\u00f3n Corporativa: En virtud de la Ley 34\/2002, de Servicios de la Sociedad de la Informaci\u00f3n y Comercio Electr\u00f3nico, informamos que esta Web es propiedad de Pas Ferm, con direcci\u00f3n de correo electr\u00f3nico pasferm@pasferm.cat. Protecci\u00f3n de Contenidos: Todo el contenido de la presente p\u00e1gina Web, incluidos los textos, marcas, signos distintivos logos, im\u00e1genes, gr\u00e1ficos y [&hellip;]<\/p>\n","protected":false},"author":1,"featured_media":0,"parent":0,"menu_order":5,"comment_status":"closed","ping_status":"closed","template":"template-simple.php","meta":{"footnotes":""},"class_list":["post-46","page","type-page","status-publish","hentry"],"yoast_head":"<!-- This site is optimized with the Yoast SEO plugin v20.13 - https:\/\/yoast.com\/wordpress\/plugins\/seo\/ -->\n<title>Aviso legal - Pas Ferm<\/title>\n<meta name=\"robots\" content=\"index, follow, max-snippet:-1, max-image-preview:large, max-video-preview:-1\" \/>\n<link rel=\"canonical\" href=\"https:\/\/www.pasferm.com\/es\/aviso-legal\/\" \/>\n<meta property=\"og:locale\" content=\"es_ES\" \/>\n<meta property=\"og:type\" content=\"article\" \/>\n<meta property=\"og:title\" content=\"Aviso legal - Pas Ferm\" \/>\n<meta property=\"og:description\" content=\"Informaci\u00f3n Corporativa: En virtud de la Ley 34\/2002, de Servicios de la Sociedad de la Informaci\u00f3n y Comercio Electr\u00f3nico, informamos que esta Web es propiedad de Pas Ferm, con direcci\u00f3n de correo electr\u00f3nico pasferm@pasferm.cat. Protecci\u00f3n de Contenidos: Todo el contenido de la presente p\u00e1gina Web, incluidos los textos, marcas, signos distintivos logos, im\u00e1genes, gr\u00e1ficos y [&hellip;]\" \/>\n<meta property=\"og:url\" content=\"https:\/\/www.pasferm.com\/es\/aviso-legal\/\" \/>\n<meta property=\"og:site_name\" content=\"Pas Ferm\" \/>\n<meta property=\"article:publisher\" content=\"https:\/\/www.facebook.com\/PasFerm.OK\/\" \/>\n<meta property=\"article:modified_time\" content=\"2023-08-11T08:33:39+00:00\" \/>\n<meta name=\"twitter:card\" content=\"summary_large_image\" \/>\n<meta name=\"twitter:site\" content=\"@Pas_Ferm\" \/>\n<meta name=\"twitter:label1\" content=\"Tiempo de lectura\" \/>\n\t<meta name=\"twitter:data1\" content=\"1 minuto\" \/>\n<script type=\"application\/ld+json\" class=\"yoast-schema-graph\">{\"@context\":\"https:\/\/schema.org\",\"@graph\":[{\"@type\":\"WebPage\",\"@id\":\"https:\/\/www.pasferm.com\/es\/aviso-legal\/\",\"url\":\"https:\/\/www.pasferm.com\/es\/aviso-legal\/\",\"name\":\"Aviso legal - Pas Ferm\",\"isPartOf\":{\"@id\":\"https:\/\/www.pasferm.com\/#website\"},\"datePublished\":\"2023-01-03T11:31:43+00:00\",\"dateModified\":\"2023-08-11T08:33:39+00:00\",\"breadcrumb\":{\"@id\":\"https:\/\/www.pasferm.com\/es\/aviso-legal\/#breadcrumb\"},\"inLanguage\":\"es\",\"potentialAction\":[{\"@type\":\"ReadAction\",\"target\":[\"https:\/\/www.pasferm.com\/es\/aviso-legal\/\"]}]},{\"@type\":\"BreadcrumbList\",\"@id\":\"https:\/\/www.pasferm.com\/es\/aviso-legal\/#breadcrumb\",\"itemListElement\":[{\"@type\":\"ListItem\",\"position\":1,\"name\":\"Portada\",\"item\":\"https:\/\/www.pasferm.com\/es\/\"},{\"@type\":\"ListItem\",\"position\":2,\"name\":\"Aviso legal\"}]},{\"@type\":\"WebSite\",\"@id\":\"https:\/\/www.pasferm.com\/#website\",\"url\":\"https:\/\/www.pasferm.com\/\",\"name\":\"Pas Ferm\",\"description\":\"Guiatge i formaci\u00f3\",\"publisher\":{\"@id\":\"https:\/\/www.pasferm.com\/#organization\"},\"potentialAction\":[{\"@type\":\"SearchAction\",\"target\":{\"@type\":\"EntryPoint\",\"urlTemplate\":\"https:\/\/www.pasferm.com\/?s={search_term_string}\"},\"query-input\":\"required name=search_term_string\"}],\"inLanguage\":\"es\"},{\"@type\":\"Organization\",\"@id\":\"https:\/\/www.pasferm.com\/#organization\",\"name\":\"Pas Ferm\",\"url\":\"https:\/\/www.pasferm.com\/\",\"logo\":{\"@type\":\"ImageObject\",\"inLanguage\":\"es\",\"@id\":\"https:\/\/www.pasferm.com\/#\/schema\/logo\/image\/\",\"url\":\"https:\/\/www.pasferm.com\/wp-content\/uploads\/2023\/06\/cropped-logo-pas-ferm.jpg\",\"contentUrl\":\"https:\/\/www.pasferm.com\/wp-content\/uploads\/2023\/06\/cropped-logo-pas-ferm.jpg\",\"width\":244,\"height\":81,\"caption\":\"Pas Ferm\"},\"image\":{\"@id\":\"https:\/\/www.pasferm.com\/#\/schema\/logo\/image\/\"},\"sameAs\":[\"https:\/\/www.facebook.com\/PasFerm.OK\/\",\"https:\/\/twitter.com\/Pas_Ferm\",\"https:\/\/www.instagram.com\/pas_ferm\/\"]}]}<\/script>\n<!-- \/ Yoast SEO plugin. -->","yoast_head_json":{"title":"Aviso legal - Pas Ferm","robots":{"index":"index","follow":"follow","max-snippet":"max-snippet:-1","max-image-preview":"max-image-preview:large","max-video-preview":"max-video-preview:-1"},"canonical":"https:\/\/www.pasferm.com\/es\/aviso-legal\/","og_locale":"es_ES","og_type":"article","og_title":"Aviso legal - Pas Ferm","og_description":"Informaci\u00f3n Corporativa: En virtud de la Ley 34\/2002, de Servicios de la Sociedad de la Informaci\u00f3n y Comercio Electr\u00f3nico, informamos que esta Web es propiedad de Pas Ferm, con direcci\u00f3n de correo electr\u00f3nico pasferm@pasferm.cat. Protecci\u00f3n de Contenidos: Todo el contenido de la presente p\u00e1gina Web, incluidos los textos, marcas, signos distintivos logos, im\u00e1genes, gr\u00e1ficos y [&hellip;]","og_url":"https:\/\/www.pasferm.com\/es\/aviso-legal\/","og_site_name":"Pas Ferm","article_publisher":"https:\/\/www.facebook.com\/PasFerm.OK\/","article_modified_time":"2023-08-11T08:33:39+00:00","twitter_card":"summary_large_image","twitter_site":"@Pas_Ferm","twitter_misc":{"Tiempo de lectura":"1 minuto"},"schema":{"@context":"https:\/\/schema.org","@graph":[{"@type":"WebPage","@id":"https:\/\/www.pasferm.com\/es\/aviso-legal\/","url":"https:\/\/www.pasferm.com\/es\/aviso-legal\/","name":"Aviso legal - Pas Ferm","isPartOf":{"@id":"https:\/\/www.pasferm.com\/#website"},"datePublished":"2023-01-03T11:31:43+00:00","dateModified":"2023-08-11T08:33:39+00:00","breadcrumb":{"@id":"https:\/\/www.pasferm.com\/es\/aviso-legal\/#breadcrumb"},"inLanguage":"es","potentialAction":[{"@type":"ReadAction","target":["https:\/\/www.pasferm.com\/es\/aviso-legal\/"]}]},{"@type":"BreadcrumbList","@id":"https:\/\/www.pasferm.com\/es\/aviso-legal\/#breadcrumb","itemListElement":[{"@type":"ListItem","position":1,"name":"Portada","item":"https:\/\/www.pasferm.com\/es\/"},{"@type":"ListItem","position":2,"name":"Aviso legal"}]},{"@type":"WebSite","@id":"https:\/\/www.pasferm.com\/#website","url":"https:\/\/www.pasferm.com\/","name":"Pas Ferm","description":"Guiatge i formaci\u00f3","publisher":{"@id":"https:\/\/www.pasferm.com\/#organization"},"potentialAction":[{"@type":"SearchAction","target":{"@type":"EntryPoint","urlTemplate":"https:\/\/www.pasferm.com\/?s={search_term_string}"},"query-input":"required name=search_term_string"}],"inLanguage":"es"},{"@type":"Organization","@id":"https:\/\/www.pasferm.com\/#organization","name":"Pas Ferm","url":"https:\/\/www.pasferm.com\/","logo":{"@type":"ImageObject","inLanguage":"es","@id":"https:\/\/www.pasferm.com\/#\/schema\/logo\/image\/","url":"https:\/\/www.pasferm.com\/wp-content\/uploads\/2023\/06\/cropped-logo-pas-ferm.jpg","contentUrl":"https:\/\/www.pasferm.com\/wp-content\/uploads\/2023\/06\/cropped-logo-pas-ferm.jpg","width":244,"height":81,"caption":"Pas Ferm"},"image":{"@id":"https:\/\/www.pasferm.com\/#\/schema\/logo\/image\/"},"sameAs":["https:\/\/www.facebook.com\/PasFerm.OK\/","https:\/\/twitter.com\/Pas_Ferm","https:\/\/www.instagram.com\/pas_ferm\/"]}]}},"_links":{"self":[{"href":"https:\/\/www.pasferm.com\/es\/wp-json\/wp\/v2\/pages\/46","targetHints":{"allow":["GET"]}}],"collection":[{"href":"https:\/\/www.pasferm.com\/es\/wp-json\/wp\/v2\/pages"}],"about":[{"href":"https:\/\/www.pasferm.com\/es\/wp-json\/wp\/v2\/types\/page"}],"author":[{"embeddable":true,"href":"https:\/\/www.pasferm.com\/es\/wp-json\/wp\/v2\/users\/1"}],"replies":[{"embeddable":true,"href":"https:\/\/www.pasferm.com\/es\/wp-json\/wp\/v2\/comments?post=46"}],"version-history":[{"count":5,"href":"https:\/\/www.pasferm.com\/es\/wp-json\/wp\/v2\/pages\/46\/revisions"}],"predecessor-version":[{"id":240,"href":"https:\/\/www.pasferm.com\/es\/wp-json\/wp\/v2\/pages\/46\/revisions\/240"}],"wp:attachment":[{"href":"https:\/\/www.pasferm.com\/es\/wp-json\/wp\/v2\/media?parent=46"}],"curies":[{"name":"wp","href":"https:\/\/api.w.org\/{rel}","templated":true}]}}