{"id":230,"date":"2023-08-10T12:12:12","date_gmt":"2023-08-10T10:12:12","guid":{"rendered":"https:\/\/www.pasferm.com\/declaracio-daccessibilitat\/"},"modified":"2023-08-10T12:13:00","modified_gmt":"2023-08-10T10:13:00","slug":"declaracion-accessibilidad","status":"publish","type":"page","link":"https:\/\/www.pasferm.com\/es\/declaracion-accessibilidad\/","title":{"rendered":"Declaraci\u00f3n de Accesibilidad"},"content":{"rendered":"<article class=\"mod-detail\">La presente declaraci\u00f3n de accesibilidad se aplica al sitio web\u00a0<a class=\"disabled\" title=\"https:\/\/www.pasferm.com\/es\" href=\"https:\/\/www.pasferm.com\/es\">https:\/\/www.pasferm.com\/es<\/a><\/article>\n<article class=\"mod-detail\">\n<h2 class=\"md-title\">Situaci\u00f3n de cumplimiento<\/h2>\n<p>Este sitio web es\u00a0<strong class=\"strong\">parcialmente conforme\u00a0<\/strong>con el RD 1112\/2018 debido a las excepciones y a\u00a0la falta de conformidad de los aspectos que se indican a continuaci\u00f3n.<\/p>\n<\/article>\n<article class=\"mod-detail\">\n<h2 class=\"md-title\">Contenido no accesible<\/h2>\n<p>El contenido que se recoge a continuaci\u00f3n no es accesible por lo siguiente:<\/p>\n<ol>\n<li><span class=\"negrita\">falta de conformidad con el RD 1112\/2018<\/span>\n<ul>\n<li>Existen listas creadas de forma incorrecta (sin etiqueta de lista), tablas con celdas etiquetadas incorrectamene y etiquetas invisibles en elementos de formularios<span class=\"cursiva\">\u00a0[requisito n\u00famero 9.1.3.1 Informaci\u00f3n y relaciones, de UNE-EN 301549:2022].<\/span><\/li>\n<li>Hay encabezados con texto repetido y\/o poco descriptivo\u00a0<span class=\"cursiva\">[requisito n\u00famero 9.2.4.6 Encabezados y etiquetas, de UNE-EN 301549:2022].<\/span><\/li>\n<li>Existen im\u00e1genes, infograf\u00edas, textos de enlaces o botones, texto de titulares y contenido que no est\u00e1n traducidos a otros idiomas\u00a0<span class=\"cursiva\">[requisito n\u00famero 9.3.1.2 Idioma de las partes, de UNE-EN 301549:2022]<\/span>.<\/li>\n<li>Existen p\u00e1ginas en las que los productos de apoyo no van a poder\u00a0obtener informaci\u00f3n, interactuar y estar al corriente del estado de los controles de interfaz de usuario, como por ejemplo, mensajes de ayuda, mensajes de estado de resultado de acciones, atributos de enlaces, imagen de idioma de p\u00e1gina&#8230; que no podr\u00e1n ser le\u00eddo por lectores de pantalla en el momento en el que aparecen\u00a0<span class=\"cursiva\">[requisito n\u00famero 9.4.1.2 Nombre, funci\u00f3n, valor de UNE-EN 301549:2022]<\/span>.<\/li>\n<li>Podr\u00edan existir fallos puntuales de edici\u00f3n en alguna p\u00e1gina web.<\/li>\n<\/ul>\n<\/li>\n<li><span class=\"negrita\">carga desproporcionada<\/span>\n<ul>\n<li>No aplica.<\/li>\n<\/ul>\n<\/li>\n<li>el contenido\u00a0<span class=\"negrita\">no entra dentro del \u00e1mbito de la legislaci\u00f3n\u00a0<\/span>aplicable\n<ul>\n<li>No aplica.<\/li>\n<\/ul>\n<\/li>\n<\/ol>\n<\/article>\n<article class=\"mod-detail\">\n<h2 class=\"md-title\">Preparaci\u00f3n de la presente declaraci\u00f3n de accesibilidad<\/h2>\n<p>La presente declaraci\u00f3n fue preparada el 10 de agosto de 2023.<\/p>\n<p>El m\u00e9todo empleado para preparar la declaraci\u00f3n ha sido una autoevaluaci\u00f3n llevada a cabo por el propio organismo.<\/p>\n<p>\u00daltima revisi\u00f3n de la declaraci\u00f3n:\u00a010 de agosto de 2023.<\/p>\n<\/article>\n<article class=\"mod-detail\">\n<h2 class=\"md-title\">Observaciones y datos de contacto<\/h2>\n<div>\n<p>Puede realizar\u00a0<span class=\"negrita\">comunicaciones\u00a0<\/span>sobre requisitos de accesibilidad (art\u00edculo 10.2.a) del RD 1112\/2018) como por ejemplo:<\/p>\n<\/div>\n<div>\n<ul>\n<li>informar sobre cualquier posible\u00a0<span class=\"negrita\">incumplimiento<\/span>\u00a0por parte de este\u00a0sitio web<\/li>\n<li>transmitir otras\u00a0<span class=\"negrita\">dificultades de acceso\u00a0<\/span>al contenido<\/li>\n<li>formular cualquier otra\u00a0<span class=\"negrita\">consulta o sugerencia de mejora\u00a0<\/span>relativa a la accesibilidad del sitio web<\/li>\n<\/ul>\n<p>A\u00a0trav\u00e9s del siguiente\u00a0<a title=\"formulario de contacto\" href=\"https:\/\/www.pasferm.com\/es\/contacto\/\">formulario de contacto<\/a>\u00a0o llamando al tel\u00e9fono +34 744480378.<\/p>\n<\/div>\n<p>Puede presentar:<\/p>\n<ul>\n<li>una\u00a0<span class=\"negrita\">Queja\u00a0<\/span>relativa al cumplimiento de los requisitos del RD 1112\/2018 o<\/li>\n<li>una\u00a0<span class=\"negrita\">Solicitud de Informaci\u00f3n accesible\u00a0<\/span>relativa a:\n<ul>\n<li><span class=\"negrita\">contenidos\u00a0<\/span>que est\u00e1n\u00a0<span class=\"negrita\">excluidos<\/span>\u00a0del\u00a0<span class=\"negrita\">\u00e1mbito de aplicaci\u00f3n\u00a0<\/span>del RD 1112\/2018 seg\u00fan lo establecido por el art\u00edculo 3, apartado 4<\/li>\n<li><span class=\"negrita\">contenidos\u00a0<\/span>que est\u00e1n\u00a0<span class=\"negrita\">exentos\u00a0<\/span>del\u00a0<span class=\"negrita\">cumplimiento\u00a0<\/span>de los requisitos de accesibilidad por imponer una\u00a0<span class=\"negrita\">carga desproporcionada<\/span>.<\/li>\n<\/ul>\n<\/li>\n<\/ul>\n<p>En la Solicitud de informaci\u00f3n accesible, se debe concretar, con toda claridad, los hechos, razones y petici\u00f3n que permitan constatar que se trata de una solicitud razonable y leg\u00edtima.<\/p>\n<p>Las comunicaciones, quejas y solicitudes de informaci\u00f3n accesible\u00a0ser\u00e1n recibidas y tratadas.<\/p>\n<\/article>\n<article class=\"mod-detail\">\n<h2 class=\"md-title\">Procedimiento de aplicaci\u00f3n<\/h2>\n<p>Si una vez realizada una solicitud de informaci\u00f3n accesible o queja, \u00e9sta hubiera sido desestimada, no se estuviera de acuerdo con la decisi\u00f3n adoptada, o la respuesta no cumpliera los requisitos contemplados en el art\u00edculo 12.5, la persona interesada podr\u00e1 iniciar una reclamaci\u00f3n. Igualmente se podr\u00e1 iniciar una reclamaci\u00f3n en el caso de que haya trascurrido el plazo de veinte d\u00edas h\u00e1biles sin haber obtenido respuesta.<\/p>\n<p>La reclamaci\u00f3n puede ser presentada\u00a0trav\u00e9s del siguiente\u00a0<a title=\"formulario de contacto\" href=\"https:\/\/www.pasferm.com\/es\/contacto\/\">formulario de contacto<\/a>\u00a0o llamando al tel\u00e9fono +34 744480378.<\/p>\n<p>Las reclamaciones ser\u00e1n recibidas y tratadas.<\/p>\n<\/article>\n<article class=\"mod-detail\">\n<h2 class=\"md-title\">Contenido opcional<\/h2>\n<p>Este sitio web aplica los requisitos de la<span class=\"negrita\">\u00a0Norma UNE-EN 301549:2022<\/span>\u00a0considerando las excepciones del RD 1112\/2018.<\/p>\n<p>El sitio web est\u00e1 optimizado para las \u00faltimas versiones vigentes de FireFox, Safar y Google Chrome. La\u00a0<span class=\"negrita\">resoluci\u00f3n<\/span>\u00a0web\u00a0<span class=\"negrita\">m\u00ednima<\/span>\u00a0recomendada es de\u00a0<span class=\"negrita\">1280&#215;1024<\/span>.<\/p>\n<p>El sitio web est\u00e1 dise\u00f1ado para su visualizaci\u00f3n Responsive, con lo que se visualiza de forma \u00f3ptima en los dispositivos tablet y m\u00f3viles. En estos dispositivos est\u00e1 optimizado para su visualizaci\u00f3n en las \u00faltimas versiones vigentes de Chrome for mobile, Firefox for mobile, Safari mobile y navegador nativo de Android.<\/p>\n<p>Se incorporan una serie de\u00a0<span class=\"negrita\">atajos de teclado\u00a0<\/span>para facilitar la navegaci\u00f3n a trav\u00e9s del portal:<\/p>\n<table>\n<caption>Atajos de teclado<\/caption>\n<thead>\n<tr>\n<th scope=\"col\">Atajos de teclado<\/th>\n<th scope=\"col\">Secciones de PAe<\/th>\n<th scope=\"col\">P\u00e1ginas de PAe<\/th>\n<\/tr>\n<\/thead>\n<tbody>\n<tr>\n<td><\/td>\n<td><\/td>\n<td><\/td>\n<\/tr>\n<tr>\n<td>1<\/td>\n<td>Saltar al contenido<\/td>\n<td>Se sit\u00faa en el contenido central de la p\u00e1gina.<\/td>\n<\/tr>\n<tr>\n<td>2<\/td>\n<td>Saltar al pie de p\u00e1gina<\/td>\n<td>Saltar al pie de p\u00e1gina.<\/td>\n<\/tr>\n<\/tbody>\n<\/table>\n<p>Dependiendo del navegador desde el cual se est\u00e9 accediendo al portal, ser\u00e1 necesario utilizar una combinaci\u00f3n de teclas u otras para el uso de\u00a0los atajos de teclado:<\/p>\n<table>\n<caption>Combinaci\u00f3n de teclas<\/caption>\n<thead>\n<tr>\n<th scope=\"col\">Sistema Operativo<\/th>\n<th scope=\"col\">Navegador<\/th>\n<th scope=\"col\">Combinaci\u00f3n de teclas<\/th>\n<\/tr>\n<\/thead>\n<tbody>\n<tr>\n<th rowspan=\"4\" scope=\"row\">Windows<\/th>\n<td>Internet Explorer<\/td>\n<td>Alt + Tecla de atajo<\/td>\n<\/tr>\n<tr>\n<td>Google Chrome<\/td>\n<td>Alt + Tecla de atajo<\/td>\n<\/tr>\n<tr>\n<td>Safari<\/td>\n<td>Alt + Tecla de atajo<\/td>\n<\/tr>\n<tr>\n<td>Firefox<\/td>\n<td>Alt + May\u00fascula + Tecla de atajo<\/td>\n<\/tr>\n<tr>\n<th rowspan=\"3\" scope=\"row\">MAC<\/th>\n<td>Safari<\/td>\n<td>Ctrl + Alt + Tecla de atajo<\/td>\n<\/tr>\n<tr>\n<td>Google Chrome<\/td>\n<td>Ctrl + Alt + Tecla de atajo<\/td>\n<\/tr>\n<tr>\n<td>Firefox<\/td>\n<td>Ctrl + Tecla de atajo<\/td>\n<\/tr>\n<tr>\n<th rowspan=\"1\" scope=\"row\">Ubuntu<\/th>\n<td>Firefox<\/td>\n<td>Alt + May\u00fascula + Tecla de atajo<\/td>\n<\/tr>\n<\/tbody>\n<\/table>\n<\/article>\n","protected":false},"excerpt":{"rendered":"<p>La presente declaraci\u00f3n de accesibilidad se aplica al sitio web\u00a0https:\/\/www.pasferm.com\/es Situaci\u00f3n de cumplimiento Este sitio web es\u00a0parcialmente conforme\u00a0con el RD 1112\/2018 debido a las excepciones y a\u00a0la falta de conformidad de los aspectos que se indican a continuaci\u00f3n. Contenido no accesible El contenido que se recoge a continuaci\u00f3n no es accesible por lo siguiente: falta [&hellip;]<\/p>\n","protected":false},"author":1,"featured_media":0,"parent":0,"menu_order":0,"comment_status":"closed","ping_status":"closed","template":"template-simple.php","meta":{"footnotes":""},"class_list":["post-230","page","type-page","status-publish","hentry"],"yoast_head":"<!-- This site is optimized with the Yoast SEO plugin v20.13 - https:\/\/yoast.com\/wordpress\/plugins\/seo\/ -->\n<title>Declaraci\u00f3n de Accesibilidad - Pas Ferm<\/title>\n<meta name=\"robots\" content=\"index, follow, max-snippet:-1, max-image-preview:large, max-video-preview:-1\" \/>\n<link rel=\"canonical\" href=\"https:\/\/www.pasferm.com\/es\/declaracion-accessibilidad\/\" \/>\n<meta property=\"og:locale\" content=\"es_ES\" \/>\n<meta property=\"og:type\" content=\"article\" \/>\n<meta property=\"og:title\" content=\"Declaraci\u00f3n de Accesibilidad - Pas Ferm\" \/>\n<meta property=\"og:description\" content=\"La presente declaraci\u00f3n de accesibilidad se aplica al sitio web\u00a0https:\/\/www.pasferm.com\/es Situaci\u00f3n de cumplimiento Este sitio web es\u00a0parcialmente conforme\u00a0con el RD 1112\/2018 debido a las excepciones y a\u00a0la falta de conformidad de los aspectos que se indican a continuaci\u00f3n. Contenido no accesible El contenido que se recoge a continuaci\u00f3n no es accesible por lo siguiente: falta [&hellip;]\" \/>\n<meta property=\"og:url\" content=\"https:\/\/www.pasferm.com\/es\/declaracion-accessibilidad\/\" \/>\n<meta property=\"og:site_name\" content=\"Pas Ferm\" \/>\n<meta property=\"article:publisher\" content=\"https:\/\/www.facebook.com\/PasFerm.OK\/\" \/>\n<meta property=\"article:modified_time\" content=\"2023-08-10T10:13:00+00:00\" \/>\n<meta name=\"twitter:card\" content=\"summary_large_image\" \/>\n<meta name=\"twitter:site\" content=\"@Pas_Ferm\" \/>\n<meta name=\"twitter:label1\" content=\"Tiempo de lectura\" \/>\n\t<meta name=\"twitter:data1\" content=\"5 minutos\" \/>\n<script type=\"application\/ld+json\" class=\"yoast-schema-graph\">{\"@context\":\"https:\/\/schema.org\",\"@graph\":[{\"@type\":\"WebPage\",\"@id\":\"https:\/\/www.pasferm.com\/es\/declaracion-accessibilidad\/\",\"url\":\"https:\/\/www.pasferm.com\/es\/declaracion-accessibilidad\/\",\"name\":\"Declaraci\u00f3n de Accesibilidad - Pas Ferm\",\"isPartOf\":{\"@id\":\"https:\/\/www.pasferm.com\/#website\"},\"datePublished\":\"2023-08-10T10:12:12+00:00\",\"dateModified\":\"2023-08-10T10:13:00+00:00\",\"breadcrumb\":{\"@id\":\"https:\/\/www.pasferm.com\/es\/declaracion-accessibilidad\/#breadcrumb\"},\"inLanguage\":\"es\",\"potentialAction\":[{\"@type\":\"ReadAction\",\"target\":[\"https:\/\/www.pasferm.com\/es\/declaracion-accessibilidad\/\"]}]},{\"@type\":\"BreadcrumbList\",\"@id\":\"https:\/\/www.pasferm.com\/es\/declaracion-accessibilidad\/#breadcrumb\",\"itemListElement\":[{\"@type\":\"ListItem\",\"position\":1,\"name\":\"Portada\",\"item\":\"https:\/\/www.pasferm.com\/es\/\"},{\"@type\":\"ListItem\",\"position\":2,\"name\":\"Declaraci\u00f3n de Accesibilidad\"}]},{\"@type\":\"WebSite\",\"@id\":\"https:\/\/www.pasferm.com\/#website\",\"url\":\"https:\/\/www.pasferm.com\/\",\"name\":\"Pas Ferm\",\"description\":\"Guiatge i formaci\u00f3\",\"publisher\":{\"@id\":\"https:\/\/www.pasferm.com\/#organization\"},\"potentialAction\":[{\"@type\":\"SearchAction\",\"target\":{\"@type\":\"EntryPoint\",\"urlTemplate\":\"https:\/\/www.pasferm.com\/?s={search_term_string}\"},\"query-input\":\"required name=search_term_string\"}],\"inLanguage\":\"es\"},{\"@type\":\"Organization\",\"@id\":\"https:\/\/www.pasferm.com\/#organization\",\"name\":\"Pas Ferm\",\"url\":\"https:\/\/www.pasferm.com\/\",\"logo\":{\"@type\":\"ImageObject\",\"inLanguage\":\"es\",\"@id\":\"https:\/\/www.pasferm.com\/#\/schema\/logo\/image\/\",\"url\":\"https:\/\/www.pasferm.com\/wp-content\/uploads\/2023\/06\/cropped-logo-pas-ferm.jpg\",\"contentUrl\":\"https:\/\/www.pasferm.com\/wp-content\/uploads\/2023\/06\/cropped-logo-pas-ferm.jpg\",\"width\":244,\"height\":81,\"caption\":\"Pas Ferm\"},\"image\":{\"@id\":\"https:\/\/www.pasferm.com\/#\/schema\/logo\/image\/\"},\"sameAs\":[\"https:\/\/www.facebook.com\/PasFerm.OK\/\",\"https:\/\/twitter.com\/Pas_Ferm\",\"https:\/\/www.instagram.com\/pas_ferm\/\"]}]}<\/script>\n<!-- \/ Yoast SEO plugin. -->","yoast_head_json":{"title":"Declaraci\u00f3n de Accesibilidad - Pas Ferm","robots":{"index":"index","follow":"follow","max-snippet":"max-snippet:-1","max-image-preview":"max-image-preview:large","max-video-preview":"max-video-preview:-1"},"canonical":"https:\/\/www.pasferm.com\/es\/declaracion-accessibilidad\/","og_locale":"es_ES","og_type":"article","og_title":"Declaraci\u00f3n de Accesibilidad - Pas Ferm","og_description":"La presente declaraci\u00f3n de accesibilidad se aplica al sitio web\u00a0https:\/\/www.pasferm.com\/es Situaci\u00f3n de cumplimiento Este sitio web es\u00a0parcialmente conforme\u00a0con el RD 1112\/2018 debido a las excepciones y a\u00a0la falta de conformidad de los aspectos que se indican a continuaci\u00f3n. Contenido no accesible El contenido que se recoge a continuaci\u00f3n no es accesible por lo siguiente: falta [&hellip;]","og_url":"https:\/\/www.pasferm.com\/es\/declaracion-accessibilidad\/","og_site_name":"Pas Ferm","article_publisher":"https:\/\/www.facebook.com\/PasFerm.OK\/","article_modified_time":"2023-08-10T10:13:00+00:00","twitter_card":"summary_large_image","twitter_site":"@Pas_Ferm","twitter_misc":{"Tiempo de lectura":"5 minutos"},"schema":{"@context":"https:\/\/schema.org","@graph":[{"@type":"WebPage","@id":"https:\/\/www.pasferm.com\/es\/declaracion-accessibilidad\/","url":"https:\/\/www.pasferm.com\/es\/declaracion-accessibilidad\/","name":"Declaraci\u00f3n de Accesibilidad - Pas Ferm","isPartOf":{"@id":"https:\/\/www.pasferm.com\/#website"},"datePublished":"2023-08-10T10:12:12+00:00","dateModified":"2023-08-10T10:13:00+00:00","breadcrumb":{"@id":"https:\/\/www.pasferm.com\/es\/declaracion-accessibilidad\/#breadcrumb"},"inLanguage":"es","potentialAction":[{"@type":"ReadAction","target":["https:\/\/www.pasferm.com\/es\/declaracion-accessibilidad\/"]}]},{"@type":"BreadcrumbList","@id":"https:\/\/www.pasferm.com\/es\/declaracion-accessibilidad\/#breadcrumb","itemListElement":[{"@type":"ListItem","position":1,"name":"Portada","item":"https:\/\/www.pasferm.com\/es\/"},{"@type":"ListItem","position":2,"name":"Declaraci\u00f3n de Accesibilidad"}]},{"@type":"WebSite","@id":"https:\/\/www.pasferm.com\/#website","url":"https:\/\/www.pasferm.com\/","name":"Pas Ferm","description":"Guiatge i formaci\u00f3","publisher":{"@id":"https:\/\/www.pasferm.com\/#organization"},"potentialAction":[{"@type":"SearchAction","target":{"@type":"EntryPoint","urlTemplate":"https:\/\/www.pasferm.com\/?s={search_term_string}"},"query-input":"required name=search_term_string"}],"inLanguage":"es"},{"@type":"Organization","@id":"https:\/\/www.pasferm.com\/#organization","name":"Pas Ferm","url":"https:\/\/www.pasferm.com\/","logo":{"@type":"ImageObject","inLanguage":"es","@id":"https:\/\/www.pasferm.com\/#\/schema\/logo\/image\/","url":"https:\/\/www.pasferm.com\/wp-content\/uploads\/2023\/06\/cropped-logo-pas-ferm.jpg","contentUrl":"https:\/\/www.pasferm.com\/wp-content\/uploads\/2023\/06\/cropped-logo-pas-ferm.jpg","width":244,"height":81,"caption":"Pas Ferm"},"image":{"@id":"https:\/\/www.pasferm.com\/#\/schema\/logo\/image\/"},"sameAs":["https:\/\/www.facebook.com\/PasFerm.OK\/","https:\/\/twitter.com\/Pas_Ferm","https:\/\/www.instagram.com\/pas_ferm\/"]}]}},"_links":{"self":[{"href":"https:\/\/www.pasferm.com\/es\/wp-json\/wp\/v2\/pages\/230","targetHints":{"allow":["GET"]}}],"collection":[{"href":"https:\/\/www.pasferm.com\/es\/wp-json\/wp\/v2\/pages"}],"about":[{"href":"https:\/\/www.pasferm.com\/es\/wp-json\/wp\/v2\/types\/page"}],"author":[{"embeddable":true,"href":"https:\/\/www.pasferm.com\/es\/wp-json\/wp\/v2\/users\/1"}],"replies":[{"embeddable":true,"href":"https:\/\/www.pasferm.com\/es\/wp-json\/wp\/v2\/comments?post=230"}],"version-history":[{"count":1,"href":"https:\/\/www.pasferm.com\/es\/wp-json\/wp\/v2\/pages\/230\/revisions"}],"predecessor-version":[{"id":231,"href":"https:\/\/www.pasferm.com\/es\/wp-json\/wp\/v2\/pages\/230\/revisions\/231"}],"wp:attachment":[{"href":"https:\/\/www.pasferm.com\/es\/wp-json\/wp\/v2\/media?parent=230"}],"curies":[{"name":"wp","href":"https:\/\/api.w.org\/{rel}","templated":true}]}}