{"id":21,"date":"2023-01-02T16:19:40","date_gmt":"2023-01-02T16:19:40","guid":{"rendered":"http:\/\/localhost\/selfoods-web\/?page_id=21"},"modified":"2023-08-11T10:21:14","modified_gmt":"2023-08-11T08:21:14","slug":"contacto","status":"publish","type":"page","link":"https:\/\/www.pasferm.com\/es\/contacto\/","title":{"rendered":"Contacto"},"content":{"rendered":"<p>Manresa\u00a0&#8211; Barcelona<br \/>\n<a href=\"mailto:pasferm@pasferm.cat\">pasferm@pasferm.cat<\/a><\/span><\/p>\n<p>+34 744480378<\/p>\n\n<div class=\"wpcf7 no-js\" id=\"wpcf7-f78-o1\" lang=\"es-ES\" dir=\"ltr\">\n<div class=\"screen-reader-response\"><p role=\"status\" aria-live=\"polite\" aria-atomic=\"true\"><\/p> <ul><\/ul><\/div>\n<form action=\"\/es\/wp-json\/wp\/v2\/pages\/21#wpcf7-f78-o1\" method=\"post\" class=\"wpcf7-form init\" aria-label=\"Formulario de contacto\" novalidate=\"novalidate\" data-status=\"init\">\n<div style=\"display: none;\">\n<input type=\"hidden\" name=\"_wpcf7\" value=\"78\" \/>\n<input type=\"hidden\" name=\"_wpcf7_version\" value=\"5.7.7\" \/>\n<input type=\"hidden\" name=\"_wpcf7_locale\" value=\"es_ES\" \/>\n<input type=\"hidden\" name=\"_wpcf7_unit_tag\" value=\"wpcf7-f78-o1\" \/>\n<input type=\"hidden\" name=\"_wpcf7_container_post\" value=\"0\" \/>\n<input type=\"hidden\" name=\"_wpcf7_posted_data_hash\" value=\"\" \/>\n<\/div>\n<p><label> Nombre<br \/>\n<span class=\"wpcf7-form-control-wrap\" data-name=\"your-name\"><input size=\"40\" class=\"wpcf7-form-control wpcf7-text wpcf7-validates-as-required\" autocomplete=\"name\" aria-required=\"true\" aria-invalid=\"false\" value=\"\" type=\"text\" name=\"your-name\" \/><\/span> <\/label>\n<\/p>\n<p><label> Correo electr\u00f3nico<br \/>\n<span class=\"wpcf7-form-control-wrap\" data-name=\"your-email\"><input size=\"40\" class=\"wpcf7-form-control wpcf7-text wpcf7-email wpcf7-validates-as-required wpcf7-validates-as-email\" autocomplete=\"email\" aria-required=\"true\" aria-invalid=\"false\" value=\"\" type=\"email\" name=\"your-email\" \/><\/span> <\/label>\n<\/p>\n<p><label> Mensaje<br \/>\n<span class=\"wpcf7-form-control-wrap\" data-name=\"your-message\"><textarea cols=\"40\" rows=\"10\" class=\"wpcf7-form-control wpcf7-textarea\" aria-invalid=\"false\" name=\"your-message\"><\/textarea><\/span> <\/label>\n<\/p>\n<p><span class=\"wpcf7-form-control-wrap\" data-name=\"acceptance-498\"><span class=\"wpcf7-form-control wpcf7-acceptance\"><span class=\"wpcf7-list-item\"><label><input type=\"checkbox\" name=\"acceptance-498\" value=\"1\" aria-invalid=\"false\" \/><span class=\"wpcf7-list-item-label\">He le\u00eddo y acepto la pol\u00edtica de protecci\u00f3n de datos<\/span><\/label><\/span><\/span><\/span>\n<\/p>\n<p><input type=\"hidden\" name=\"_wpcf7_captcha_challenge_captcha-1\" value=\"4043663700\" \/><img loading=\"lazy\" decoding=\"async\" class=\"wpcf7-form-control wpcf7-captchac wpcf7-captcha-captcha-1\" width=\"72\" height=\"24\" alt=\"captcha\" src=\"https:\/\/www.pasferm.com\/wp-content\/uploads\/wpcf7_captcha\/4043663700.png\" \/><span class=\"wpcf7-form-control-wrap\" data-name=\"captcha-1\"><input size=\"40\" class=\"wpcf7-form-control wpcf7-captchar\" autocomplete=\"off\" aria-invalid=\"false\" value=\"\" type=\"text\" name=\"captcha-1\" \/><\/span>\n<\/p>\n<p><input class=\"wpcf7-form-control has-spinner wpcf7-submit\" type=\"submit\" value=\"Enviar\" \/>\n<\/p><div class=\"wpcf7-response-output\" aria-hidden=\"true\"><\/div>\n<\/form>\n<\/div>\n\n","protected":false},"excerpt":{"rendered":"<p>Manresa\u00a0&#8211; Barcelona pasferm@pasferm.cat +34 744480378<\/p>\n","protected":false},"author":1,"featured_media":0,"parent":0,"menu_order":4,"comment_status":"closed","ping_status":"closed","template":"template-simple.php","meta":{"footnotes":""},"class_list":["post-21","page","type-page","status-publish","hentry"],"yoast_head":"<!-- This site is optimized with the Yoast SEO plugin v20.13 - https:\/\/yoast.com\/wordpress\/plugins\/seo\/ -->\n<title>Contacto - Pas Ferm<\/title>\n<meta name=\"robots\" content=\"index, follow, max-snippet:-1, max-image-preview:large, max-video-preview:-1\" \/>\n<link rel=\"canonical\" href=\"https:\/\/www.pasferm.com\/es\/contacto\/\" \/>\n<meta property=\"og:locale\" content=\"es_ES\" \/>\n<meta property=\"og:type\" content=\"article\" \/>\n<meta property=\"og:title\" content=\"Contacto - Pas Ferm\" \/>\n<meta property=\"og:description\" content=\"Manresa\u00a0&#8211; Barcelona pasferm@pasferm.cat +34 744480378\" \/>\n<meta property=\"og:url\" content=\"https:\/\/www.pasferm.com\/es\/contacto\/\" \/>\n<meta property=\"og:site_name\" content=\"Pas Ferm\" \/>\n<meta property=\"article:publisher\" content=\"https:\/\/www.facebook.com\/PasFerm.OK\/\" \/>\n<meta property=\"article:modified_time\" content=\"2023-08-11T08:21:14+00:00\" \/>\n<meta name=\"twitter:card\" content=\"summary_large_image\" \/>\n<meta name=\"twitter:site\" content=\"@Pas_Ferm\" \/>\n<meta name=\"twitter:label1\" content=\"Tiempo de lectura\" \/>\n\t<meta name=\"twitter:data1\" content=\"1 minuto\" \/>\n<script type=\"application\/ld+json\" class=\"yoast-schema-graph\">{\"@context\":\"https:\/\/schema.org\",\"@graph\":[{\"@type\":\"WebPage\",\"@id\":\"https:\/\/www.pasferm.com\/es\/contacto\/\",\"url\":\"https:\/\/www.pasferm.com\/es\/contacto\/\",\"name\":\"Contacto - Pas Ferm\",\"isPartOf\":{\"@id\":\"https:\/\/www.pasferm.com\/#website\"},\"datePublished\":\"2023-01-02T16:19:40+00:00\",\"dateModified\":\"2023-08-11T08:21:14+00:00\",\"breadcrumb\":{\"@id\":\"https:\/\/www.pasferm.com\/es\/contacto\/#breadcrumb\"},\"inLanguage\":\"es\",\"potentialAction\":[{\"@type\":\"ReadAction\",\"target\":[\"https:\/\/www.pasferm.com\/es\/contacto\/\"]}]},{\"@type\":\"BreadcrumbList\",\"@id\":\"https:\/\/www.pasferm.com\/es\/contacto\/#breadcrumb\",\"itemListElement\":[{\"@type\":\"ListItem\",\"position\":1,\"name\":\"Portada\",\"item\":\"https:\/\/www.pasferm.com\/es\/\"},{\"@type\":\"ListItem\",\"position\":2,\"name\":\"Contacto\"}]},{\"@type\":\"WebSite\",\"@id\":\"https:\/\/www.pasferm.com\/#website\",\"url\":\"https:\/\/www.pasferm.com\/\",\"name\":\"Pas Ferm\",\"description\":\"Guiatge i formaci\u00f3\",\"publisher\":{\"@id\":\"https:\/\/www.pasferm.com\/#organization\"},\"potentialAction\":[{\"@type\":\"SearchAction\",\"target\":{\"@type\":\"EntryPoint\",\"urlTemplate\":\"https:\/\/www.pasferm.com\/?s={search_term_string}\"},\"query-input\":\"required name=search_term_string\"}],\"inLanguage\":\"es\"},{\"@type\":\"Organization\",\"@id\":\"https:\/\/www.pasferm.com\/#organization\",\"name\":\"Pas Ferm\",\"url\":\"https:\/\/www.pasferm.com\/\",\"logo\":{\"@type\":\"ImageObject\",\"inLanguage\":\"es\",\"@id\":\"https:\/\/www.pasferm.com\/#\/schema\/logo\/image\/\",\"url\":\"https:\/\/www.pasferm.com\/wp-content\/uploads\/2023\/06\/cropped-logo-pas-ferm.jpg\",\"contentUrl\":\"https:\/\/www.pasferm.com\/wp-content\/uploads\/2023\/06\/cropped-logo-pas-ferm.jpg\",\"width\":244,\"height\":81,\"caption\":\"Pas Ferm\"},\"image\":{\"@id\":\"https:\/\/www.pasferm.com\/#\/schema\/logo\/image\/\"},\"sameAs\":[\"https:\/\/www.facebook.com\/PasFerm.OK\/\",\"https:\/\/twitter.com\/Pas_Ferm\",\"https:\/\/www.instagram.com\/pas_ferm\/\"]}]}<\/script>\n<!-- \/ Yoast SEO plugin. -->","yoast_head_json":{"title":"Contacto - Pas Ferm","robots":{"index":"index","follow":"follow","max-snippet":"max-snippet:-1","max-image-preview":"max-image-preview:large","max-video-preview":"max-video-preview:-1"},"canonical":"https:\/\/www.pasferm.com\/es\/contacto\/","og_locale":"es_ES","og_type":"article","og_title":"Contacto - Pas Ferm","og_description":"Manresa\u00a0&#8211; Barcelona pasferm@pasferm.cat +34 744480378","og_url":"https:\/\/www.pasferm.com\/es\/contacto\/","og_site_name":"Pas Ferm","article_publisher":"https:\/\/www.facebook.com\/PasFerm.OK\/","article_modified_time":"2023-08-11T08:21:14+00:00","twitter_card":"summary_large_image","twitter_site":"@Pas_Ferm","twitter_misc":{"Tiempo de lectura":"1 minuto"},"schema":{"@context":"https:\/\/schema.org","@graph":[{"@type":"WebPage","@id":"https:\/\/www.pasferm.com\/es\/contacto\/","url":"https:\/\/www.pasferm.com\/es\/contacto\/","name":"Contacto - Pas Ferm","isPartOf":{"@id":"https:\/\/www.pasferm.com\/#website"},"datePublished":"2023-01-02T16:19:40+00:00","dateModified":"2023-08-11T08:21:14+00:00","breadcrumb":{"@id":"https:\/\/www.pasferm.com\/es\/contacto\/#breadcrumb"},"inLanguage":"es","potentialAction":[{"@type":"ReadAction","target":["https:\/\/www.pasferm.com\/es\/contacto\/"]}]},{"@type":"BreadcrumbList","@id":"https:\/\/www.pasferm.com\/es\/contacto\/#breadcrumb","itemListElement":[{"@type":"ListItem","position":1,"name":"Portada","item":"https:\/\/www.pasferm.com\/es\/"},{"@type":"ListItem","position":2,"name":"Contacto"}]},{"@type":"WebSite","@id":"https:\/\/www.pasferm.com\/#website","url":"https:\/\/www.pasferm.com\/","name":"Pas Ferm","description":"Guiatge i formaci\u00f3","publisher":{"@id":"https:\/\/www.pasferm.com\/#organization"},"potentialAction":[{"@type":"SearchAction","target":{"@type":"EntryPoint","urlTemplate":"https:\/\/www.pasferm.com\/?s={search_term_string}"},"query-input":"required name=search_term_string"}],"inLanguage":"es"},{"@type":"Organization","@id":"https:\/\/www.pasferm.com\/#organization","name":"Pas Ferm","url":"https:\/\/www.pasferm.com\/","logo":{"@type":"ImageObject","inLanguage":"es","@id":"https:\/\/www.pasferm.com\/#\/schema\/logo\/image\/","url":"https:\/\/www.pasferm.com\/wp-content\/uploads\/2023\/06\/cropped-logo-pas-ferm.jpg","contentUrl":"https:\/\/www.pasferm.com\/wp-content\/uploads\/2023\/06\/cropped-logo-pas-ferm.jpg","width":244,"height":81,"caption":"Pas Ferm"},"image":{"@id":"https:\/\/www.pasferm.com\/#\/schema\/logo\/image\/"},"sameAs":["https:\/\/www.facebook.com\/PasFerm.OK\/","https:\/\/twitter.com\/Pas_Ferm","https:\/\/www.instagram.com\/pas_ferm\/"]}]}},"_links":{"self":[{"href":"https:\/\/www.pasferm.com\/es\/wp-json\/wp\/v2\/pages\/21","targetHints":{"allow":["GET"]}}],"collection":[{"href":"https:\/\/www.pasferm.com\/es\/wp-json\/wp\/v2\/pages"}],"about":[{"href":"https:\/\/www.pasferm.com\/es\/wp-json\/wp\/v2\/types\/page"}],"author":[{"embeddable":true,"href":"https:\/\/www.pasferm.com\/es\/wp-json\/wp\/v2\/users\/1"}],"replies":[{"embeddable":true,"href":"https:\/\/www.pasferm.com\/es\/wp-json\/wp\/v2\/comments?post=21"}],"version-history":[{"count":4,"href":"https:\/\/www.pasferm.com\/es\/wp-json\/wp\/v2\/pages\/21\/revisions"}],"predecessor-version":[{"id":239,"href":"https:\/\/www.pasferm.com\/es\/wp-json\/wp\/v2\/pages\/21\/revisions\/239"}],"wp:attachment":[{"href":"https:\/\/www.pasferm.com\/es\/wp-json\/wp\/v2\/media?parent=21"}],"curies":[{"name":"wp","href":"https:\/\/api.w.org\/{rel}","templated":true}]}}