{"id":123,"date":"2023-01-05T14:06:39","date_gmt":"2023-01-05T14:06:39","guid":{"rendered":"http:\/\/localhost\/giroweb-ok\/?page_id=123"},"modified":"2023-08-11T10:16:45","modified_gmt":"2023-08-11T08:16:45","slug":"quienes-somos","status":"publish","type":"page","link":"https:\/\/www.pasferm.com\/es\/quienes-somos\/","title":{"rendered":"Qui\u00e9nes somos"},"content":{"rendered":"<p>En PAS FERM Arctic Mountains realizamos actividades de monta\u00f1a, en grupos reducidos y con un trato personal y de proximidad. Nos gusta conocer con quien viajamos y as\u00ed poder transmitir nuestra pasi\u00f3n. Disfrutamos formando y guiando pero, sobre todo, compartiendo experiencias.<\/p>\n<p>Organizamos expediciones y aventuras en el \u00c1rtico, Laponia y Escandinavia.<\/p>\n<p>Nos gusta hacer trekking y disfrutar de los Pirineos, que es nuestra casa.<\/p>\n<p>Planeamos actividades y salidas personalizadas.<\/p>\n","protected":false},"excerpt":{"rendered":"<p>En PAS FERM Arctic Mountains realizamos actividades de monta\u00f1a, en grupos reducidos y con un trato personal y de proximidad. Nos gusta conocer con quien viajamos y as\u00ed poder transmitir nuestra pasi\u00f3n. Disfrutamos formando y guiando pero, sobre todo, compartiendo experiencias. Organizamos expediciones y aventuras en el \u00c1rtico, Laponia y Escandinavia. Nos gusta hacer trekking [&hellip;]<\/p>\n","protected":false},"author":1,"featured_media":0,"parent":0,"menu_order":2,"comment_status":"closed","ping_status":"closed","template":"template-aboutus.php","meta":{"footnotes":""},"class_list":["post-123","page","type-page","status-publish","hentry"],"yoast_head":"<!-- This site is optimized with the Yoast SEO plugin v20.13 - https:\/\/yoast.com\/wordpress\/plugins\/seo\/ -->\n<title>Qui\u00e9nes somos - Pas Ferm<\/title>\n<meta name=\"robots\" content=\"index, follow, max-snippet:-1, max-image-preview:large, max-video-preview:-1\" \/>\n<link rel=\"canonical\" href=\"https:\/\/www.pasferm.com\/es\/quienes-somos\/\" \/>\n<meta property=\"og:locale\" content=\"es_ES\" \/>\n<meta property=\"og:type\" content=\"article\" \/>\n<meta property=\"og:title\" content=\"Qui\u00e9nes somos - Pas Ferm\" \/>\n<meta property=\"og:description\" content=\"En PAS FERM Arctic Mountains realizamos actividades de monta\u00f1a, en grupos reducidos y con un trato personal y de proximidad. Nos gusta conocer con quien viajamos y as\u00ed poder transmitir nuestra pasi\u00f3n. Disfrutamos formando y guiando pero, sobre todo, compartiendo experiencias. Organizamos expediciones y aventuras en el \u00c1rtico, Laponia y Escandinavia. Nos gusta hacer trekking [&hellip;]\" \/>\n<meta property=\"og:url\" content=\"https:\/\/www.pasferm.com\/es\/quienes-somos\/\" \/>\n<meta property=\"og:site_name\" content=\"Pas Ferm\" \/>\n<meta property=\"article:publisher\" content=\"https:\/\/www.facebook.com\/PasFerm.OK\/\" \/>\n<meta property=\"article:modified_time\" content=\"2023-08-11T08:16:45+00:00\" \/>\n<meta name=\"twitter:card\" content=\"summary_large_image\" \/>\n<meta name=\"twitter:site\" content=\"@Pas_Ferm\" \/>\n<meta name=\"twitter:label1\" content=\"Tiempo de lectura\" \/>\n\t<meta name=\"twitter:data1\" content=\"1 minuto\" \/>\n<script type=\"application\/ld+json\" class=\"yoast-schema-graph\">{\"@context\":\"https:\/\/schema.org\",\"@graph\":[{\"@type\":\"WebPage\",\"@id\":\"https:\/\/www.pasferm.com\/es\/quienes-somos\/\",\"url\":\"https:\/\/www.pasferm.com\/es\/quienes-somos\/\",\"name\":\"Qui\u00e9nes somos - Pas Ferm\",\"isPartOf\":{\"@id\":\"https:\/\/www.pasferm.com\/#website\"},\"datePublished\":\"2023-01-05T14:06:39+00:00\",\"dateModified\":\"2023-08-11T08:16:45+00:00\",\"breadcrumb\":{\"@id\":\"https:\/\/www.pasferm.com\/es\/quienes-somos\/#breadcrumb\"},\"inLanguage\":\"es\",\"potentialAction\":[{\"@type\":\"ReadAction\",\"target\":[\"https:\/\/www.pasferm.com\/es\/quienes-somos\/\"]}]},{\"@type\":\"BreadcrumbList\",\"@id\":\"https:\/\/www.pasferm.com\/es\/quienes-somos\/#breadcrumb\",\"itemListElement\":[{\"@type\":\"ListItem\",\"position\":1,\"name\":\"Portada\",\"item\":\"https:\/\/www.pasferm.com\/es\/\"},{\"@type\":\"ListItem\",\"position\":2,\"name\":\"Qui\u00e9nes somos\"}]},{\"@type\":\"WebSite\",\"@id\":\"https:\/\/www.pasferm.com\/#website\",\"url\":\"https:\/\/www.pasferm.com\/\",\"name\":\"Pas Ferm\",\"description\":\"Guiatge i formaci\u00f3\",\"publisher\":{\"@id\":\"https:\/\/www.pasferm.com\/#organization\"},\"potentialAction\":[{\"@type\":\"SearchAction\",\"target\":{\"@type\":\"EntryPoint\",\"urlTemplate\":\"https:\/\/www.pasferm.com\/?s={search_term_string}\"},\"query-input\":\"required name=search_term_string\"}],\"inLanguage\":\"es\"},{\"@type\":\"Organization\",\"@id\":\"https:\/\/www.pasferm.com\/#organization\",\"name\":\"Pas Ferm\",\"url\":\"https:\/\/www.pasferm.com\/\",\"logo\":{\"@type\":\"ImageObject\",\"inLanguage\":\"es\",\"@id\":\"https:\/\/www.pasferm.com\/#\/schema\/logo\/image\/\",\"url\":\"https:\/\/www.pasferm.com\/wp-content\/uploads\/2023\/06\/cropped-logo-pas-ferm.jpg\",\"contentUrl\":\"https:\/\/www.pasferm.com\/wp-content\/uploads\/2023\/06\/cropped-logo-pas-ferm.jpg\",\"width\":244,\"height\":81,\"caption\":\"Pas Ferm\"},\"image\":{\"@id\":\"https:\/\/www.pasferm.com\/#\/schema\/logo\/image\/\"},\"sameAs\":[\"https:\/\/www.facebook.com\/PasFerm.OK\/\",\"https:\/\/twitter.com\/Pas_Ferm\",\"https:\/\/www.instagram.com\/pas_ferm\/\"]}]}<\/script>\n<!-- \/ Yoast SEO plugin. -->","yoast_head_json":{"title":"Qui\u00e9nes somos - Pas Ferm","robots":{"index":"index","follow":"follow","max-snippet":"max-snippet:-1","max-image-preview":"max-image-preview:large","max-video-preview":"max-video-preview:-1"},"canonical":"https:\/\/www.pasferm.com\/es\/quienes-somos\/","og_locale":"es_ES","og_type":"article","og_title":"Qui\u00e9nes somos - Pas Ferm","og_description":"En PAS FERM Arctic Mountains realizamos actividades de monta\u00f1a, en grupos reducidos y con un trato personal y de proximidad. Nos gusta conocer con quien viajamos y as\u00ed poder transmitir nuestra pasi\u00f3n. Disfrutamos formando y guiando pero, sobre todo, compartiendo experiencias. Organizamos expediciones y aventuras en el \u00c1rtico, Laponia y Escandinavia. Nos gusta hacer trekking [&hellip;]","og_url":"https:\/\/www.pasferm.com\/es\/quienes-somos\/","og_site_name":"Pas Ferm","article_publisher":"https:\/\/www.facebook.com\/PasFerm.OK\/","article_modified_time":"2023-08-11T08:16:45+00:00","twitter_card":"summary_large_image","twitter_site":"@Pas_Ferm","twitter_misc":{"Tiempo de lectura":"1 minuto"},"schema":{"@context":"https:\/\/schema.org","@graph":[{"@type":"WebPage","@id":"https:\/\/www.pasferm.com\/es\/quienes-somos\/","url":"https:\/\/www.pasferm.com\/es\/quienes-somos\/","name":"Qui\u00e9nes somos - Pas Ferm","isPartOf":{"@id":"https:\/\/www.pasferm.com\/#website"},"datePublished":"2023-01-05T14:06:39+00:00","dateModified":"2023-08-11T08:16:45+00:00","breadcrumb":{"@id":"https:\/\/www.pasferm.com\/es\/quienes-somos\/#breadcrumb"},"inLanguage":"es","potentialAction":[{"@type":"ReadAction","target":["https:\/\/www.pasferm.com\/es\/quienes-somos\/"]}]},{"@type":"BreadcrumbList","@id":"https:\/\/www.pasferm.com\/es\/quienes-somos\/#breadcrumb","itemListElement":[{"@type":"ListItem","position":1,"name":"Portada","item":"https:\/\/www.pasferm.com\/es\/"},{"@type":"ListItem","position":2,"name":"Qui\u00e9nes somos"}]},{"@type":"WebSite","@id":"https:\/\/www.pasferm.com\/#website","url":"https:\/\/www.pasferm.com\/","name":"Pas Ferm","description":"Guiatge i formaci\u00f3","publisher":{"@id":"https:\/\/www.pasferm.com\/#organization"},"potentialAction":[{"@type":"SearchAction","target":{"@type":"EntryPoint","urlTemplate":"https:\/\/www.pasferm.com\/?s={search_term_string}"},"query-input":"required name=search_term_string"}],"inLanguage":"es"},{"@type":"Organization","@id":"https:\/\/www.pasferm.com\/#organization","name":"Pas Ferm","url":"https:\/\/www.pasferm.com\/","logo":{"@type":"ImageObject","inLanguage":"es","@id":"https:\/\/www.pasferm.com\/#\/schema\/logo\/image\/","url":"https:\/\/www.pasferm.com\/wp-content\/uploads\/2023\/06\/cropped-logo-pas-ferm.jpg","contentUrl":"https:\/\/www.pasferm.com\/wp-content\/uploads\/2023\/06\/cropped-logo-pas-ferm.jpg","width":244,"height":81,"caption":"Pas Ferm"},"image":{"@id":"https:\/\/www.pasferm.com\/#\/schema\/logo\/image\/"},"sameAs":["https:\/\/www.facebook.com\/PasFerm.OK\/","https:\/\/twitter.com\/Pas_Ferm","https:\/\/www.instagram.com\/pas_ferm\/"]}]}},"_links":{"self":[{"href":"https:\/\/www.pasferm.com\/es\/wp-json\/wp\/v2\/pages\/123","targetHints":{"allow":["GET"]}}],"collection":[{"href":"https:\/\/www.pasferm.com\/es\/wp-json\/wp\/v2\/pages"}],"about":[{"href":"https:\/\/www.pasferm.com\/es\/wp-json\/wp\/v2\/types\/page"}],"author":[{"embeddable":true,"href":"https:\/\/www.pasferm.com\/es\/wp-json\/wp\/v2\/users\/1"}],"replies":[{"embeddable":true,"href":"https:\/\/www.pasferm.com\/es\/wp-json\/wp\/v2\/comments?post=123"}],"version-history":[{"count":4,"href":"https:\/\/www.pasferm.com\/es\/wp-json\/wp\/v2\/pages\/123\/revisions"}],"predecessor-version":[{"id":233,"href":"https:\/\/www.pasferm.com\/es\/wp-json\/wp\/v2\/pages\/123\/revisions\/233"}],"wp:attachment":[{"href":"https:\/\/www.pasferm.com\/es\/wp-json\/wp\/v2\/media?parent=123"}],"curies":[{"name":"wp","href":"https:\/\/api.w.org\/{rel}","templated":true}]}}